{"id":7865,"date":"2024-12-22T12:42:32","date_gmt":"2024-12-22T12:42:32","guid":{"rendered":"https:\/\/dachtimes.com\/submit-news\/"},"modified":"2026-02-28T15:55:02","modified_gmt":"2026-02-28T15:55:02","slug":"invia-notizie","status":"publish","type":"page","link":"https:\/\/dachtimes.com\/it\/invia-notizie\/","title":{"rendered":"Invia notizie"},"content":{"rendered":"\t\t<div data-elementor-type=\"wp-page\" data-elementor-id=\"7865\" class=\"elementor elementor-7865 elementor-2878\">\n\t\t\t\t<div class=\"elementor-element elementor-element-83b1648 e-flex e-con-boxed e-con e-parent\" data-id=\"83b1648\" data-element_type=\"container\" data-e-type=\"container\">\n\t\t\t\t\t<div class=\"e-con-inner\">\n\t\t\t\t<div class=\"elementor-element elementor-element-06df7da elementor-widget elementor-widget-text-editor\" data-id=\"06df7da\" data-element_type=\"widget\" data-e-type=\"widget\" data-widget_type=\"text-editor.default\">\n\t\t\t\t<div class=\"elementor-widget-container\">\n\t\t\t\t\t\t\t\t\t<h2>Invia Notizie\/Comunicato Stampa<strong><br \/><\/strong><\/h2><p>DACH Times\u2122 in collaborazione con <a href=\"https:\/\/europenewswire.net\/submit-press-release\/\" target=\"_blank\" rel=\"noopener\">EuropeNewswire.net<\/a> pubblica notizie e offre servizi di distribuzione di comunicati stampa in Germania (D), Austria (A) e Svizzera (CH) (DACH), nonch\u00e9 in tutta Europa. Per maggiori informazioni sulla distribuzione dei comunicati stampa, contattaci tramite una di queste applicazioni di messaggistica: <a href=\"https:\/\/api.whatsapp.com\/send\/?phone=18327162363&amp;text&amp;app_absent=0\" target=\"_blank\" rel=\"noopener\">WhatsApp<\/a> oppure <a href=\"https:\/\/t.me\/groupwebmedia\">Telegram<\/a>.<\/p><h2><a href=\"https:\/\/dachtimes.com\/it\/la-nuova-era-delle-comunicazioni-strategiche-distribuzione-dei-comunicati-stampa-nella-regione-dach-per-il-2026-e-oltre\/\">La nuova era delle comunicazioni strategiche: distribuzione dei comunicati stampa nella regione DACH per il 2026 e oltre<\/a><\/h2><p>\u00a0<\/p><p>La regione DACH \u2014 composta da Germania (D), Austria (A) e Svizzera (CH) \u2014 rappresenta il motore economico dell\u2019Europa. Con un PIL combinato che supera quello della maggior parte dei mercati globali e una cultura profondamente radicata nella precisione, la regione \u00e8 un obiettivo altamente strategico per i brand internazionali. Tuttavia, per i professionisti delle pubbliche relazioni e i marketer aziendali nel 2026, il panorama mediatico DACH \u00e8 uno degli ambienti pi\u00f9 esigenti, regolamentati e linguisticamente complessi al mondo.<\/p><p>Il tradizionale modello \u201cspray and pray\u201d di distribuzione dei comunicati stampa \u2014 ovvero diffondere una traduzione inglese attraverso un grande circuito generalista \u2014 \u00e8 ormai fallito in questa regione. Nel 2026, una distribuzione efficace richiede iper-localizzazione, rigorosa integrazione dei dati e una profonda comprensione delle specificit\u00e0 settoriali. I giornalisti dell\u2019area privilegiano la sostanza rispetto alla retorica promozionale e penalizzano rapidamente iperboli, greenwashing o traduzioni superficiali.<\/p><p>Per avere successo nel 2026 e oltre, i comunicatori devono comprendere che la regione DACH non \u00e8 un blocco uniforme. La Svizzera germanofona e l\u2019Austria non sono semplici estensioni della Germania: sono mercati distinti, con sensibilit\u00e0 culturali, sfumature linguistiche e abitudini mediatiche proprie. Inoltre, l\u2019approccio per ottenere copertura mediatica varia significativamente a seconda del settore.<\/p><p>Di seguito un\u2019analisi approfondita delle strategie adottate dagli esperti di PR e dai marketer nei principali settori della regione.<\/p><p><strong>Settore 1: Tecnologia B2B, IA e SaaS<\/strong><\/p><p>Il settore tecnologico nella regione DACH \u00e8 in forte espansione, trainato dalle iniziative tedesche \u201cIndustrie 4.0\u201d, dai cluster austriaci di microelettronica e dagli hub svizzeri di deep tech. Tuttavia, i giornalisti B2B sono altamente tecnici e particolarmente scettici nei confronti del linguaggio promozionale tipico della Silicon Valley.<\/p><p><strong>L\u2019approccio narrativo<\/strong><\/p><p>Nel 2026, le PR B2B nel settore tech si concentrano su sovranit\u00e0 dei dati, conformit\u00e0 normativa ed efficienza misurabile. Non \u00e8 pi\u00f9 sufficiente dichiarare che un prodotto \u00e8 \u201cbasato sull\u2019IA\u201d. I comunicati devono spiegare come funziona l\u2019IA, dove sono ospitati i dati (preferibilmente su server europei in conformit\u00e0 con il GDPR) e quale ROI concreto e misurabile genera.<\/p><p>La narrazione si sposta dal concetto di \u201cdisruption\u201d \u2014 spesso percepito con diffidenza dalle imprese tradizionali DACH \u2014 verso quello di \u201cevoluzione sostenibile e integrazione strutturata\u201d.<\/p><p>Fondamentali sono i casi studio locali. Un\u2019implementazione di successo negli Stati Uniti ha scarso impatto a Monaco. \u00c8 necessario presentare esempi concreti di aziende DACH, idealmente appartenenti al Mittelstand.<\/p><p><strong>Strategia di distribuzione<\/strong><\/p><p>* Preferenza per portali IT e business specializzati anzich\u00e9 circuiti generalisti<br \/>* Utilizzo di canali premium integrati nei sistemi editoriali<br \/>* Accompagnamento con dati proprietari solidi; nei sondaggi B2B sono richiesti campioni di almeno 200\u2013250 aziende per essere considerati credibili<\/p><p><strong>Settore 2: Servizi finanziari, Investor Relations e asset digitali<\/strong><\/p><p>La regione DACH ospita centri finanziari storici come Francoforte, Vienna e Zurigo. Nel 2026 il settore \u00e8 caratterizzato da una dualit\u00e0 tra finanza istituzionale tradizionale e finanza decentralizzata, con la \u201cCrypto Valley\u201d svizzera a Zugo come epicentro.<\/p><p><strong>L\u2019approccio narrativo<\/strong><\/p><p>Per la finanza tradizionale, il tema ESG (Environmental, Social, Governance) domina la comunicazione, rafforzato dalla direttiva europea CSRD. I comunicati finanziari devono includere metriche verificabili e certificate da terze parti.<\/p><p>Nel mondo FinTech e crypto, l\u2019approccio \u00e8 maturato: l\u2019attenzione si concentra su adozione istituzionale, conformit\u00e0 regolatoria (FINMA in Svizzera, BaFin in Germania) e sicurezza delle infrastrutture&#8230;<a href=\"https:\/\/dachtimes.com\/it\/la-nuova-era-delle-comunicazioni-strategiche-distribuzione-dei-comunicati-stampa-nella-regione-dach-per-il-2026-e-oltre\/\">Per saperne di pi\u00f9<\/a><\/p><p>\u00a0<\/p><div id=\"simple-translate\" class=\"simple-translate-system-theme\"><div><div class=\"simple-translate-button \" style=\"background-image: url('moz-extension:\/\/c2b7f532-5692-40b8-831b-53cdd97dfa16\/icons\/512.png'); height: 22px; width: 22px; top: 10px; left: 10px;\">\u00a0<\/div><div class=\"simple-translate-panel isShow\" style=\"width: 300px; height: 89px; top: 185px; left: 10px; font-size: 13px;\"><div class=\"simple-translate-result-wrapper\" style=\"overflow: hidden;\"><div class=\"simple-translate-move\" draggable=\"true\">\u00a0<\/div><div class=\"simple-translate-result-contents\"><p class=\"simple-translate-result\" dir=\"auto\">The new era of strategic communications: Press release distribution in the DACH region for 2026 and beyond<\/p><p class=\"simple-translate-candidate\" dir=\"auto\">\u00a0<\/p><\/div><\/div><\/div><\/div><\/div>\t\t\t\t\t\t\t\t<\/div>\n\t\t\t\t<\/div>\n\t\t\t\t\t<\/div>\n\t\t\t\t<\/div>\n\t\t\t\t<\/div>\n\t\t","protected":false},"excerpt":{"rendered":"<p>Invia Notizie\/Comunicato Stampa DACH Times\u2122 in collaborazione con EuropeNewswire.net pubblica notizie e offre servizi di distribuzione di comunicati stampa in Germania (D), Austria (A) e Svizzera (CH) (DACH), nonch\u00e9 in tutta Europa. Per maggiori informazioni sulla distribuzione dei comunicati stampa, contattaci tramite una di queste applicazioni di messaggistica: WhatsApp oppure Telegram. La nuova era delle [&hellip;]<\/p>\n","protected":false},"author":1,"featured_media":0,"parent":0,"menu_order":0,"comment_status":"closed","ping_status":"closed","template":"","meta":{"footnotes":""},"class_list":["post-7865","page","type-page","status-publish"],"_links":{"self":[{"href":"https:\/\/dachtimes.com\/it\/wp-json\/wp\/v2\/pages\/7865","targetHints":{"allow":["GET"]}}],"collection":[{"href":"https:\/\/dachtimes.com\/it\/wp-json\/wp\/v2\/pages"}],"about":[{"href":"https:\/\/dachtimes.com\/it\/wp-json\/wp\/v2\/types\/page"}],"author":[{"embeddable":true,"href":"https:\/\/dachtimes.com\/it\/wp-json\/wp\/v2\/users\/1"}],"replies":[{"embeddable":true,"href":"https:\/\/dachtimes.com\/it\/wp-json\/wp\/v2\/comments?post=7865"}],"version-history":[{"count":4,"href":"https:\/\/dachtimes.com\/it\/wp-json\/wp\/v2\/pages\/7865\/revisions"}],"predecessor-version":[{"id":7915,"href":"https:\/\/dachtimes.com\/it\/wp-json\/wp\/v2\/pages\/7865\/revisions\/7915"}],"wp:attachment":[{"href":"https:\/\/dachtimes.com\/it\/wp-json\/wp\/v2\/media?parent=7865"}],"curies":[{"name":"wp","href":"https:\/\/api.w.org\/{rel}","templated":true}]}}