{"id":7863,"date":"2024-12-22T12:42:32","date_gmt":"2024-12-22T12:42:32","guid":{"rendered":"https:\/\/dachtimes.com\/submit-news\/"},"modified":"2026-02-28T15:50:12","modified_gmt":"2026-02-28T15:50:12","slug":"soumettre-une-nouvelle","status":"publish","type":"page","link":"https:\/\/dachtimes.com\/fr\/soumettre-une-nouvelle\/","title":{"rendered":"Soumettre une nouvelle"},"content":{"rendered":"\t\t<div data-elementor-type=\"wp-page\" data-elementor-id=\"7863\" class=\"elementor elementor-7863 elementor-2878\">\n\t\t\t\t<div class=\"elementor-element elementor-element-83b1648 e-flex e-con-boxed e-con e-parent\" data-id=\"83b1648\" data-element_type=\"container\" data-e-type=\"container\">\n\t\t\t\t\t<div class=\"e-con-inner\">\n\t\t\t\t<div class=\"elementor-element elementor-element-06df7da elementor-widget elementor-widget-text-editor\" data-id=\"06df7da\" data-element_type=\"widget\" data-e-type=\"widget\" data-widget_type=\"text-editor.default\">\n\t\t\t\t<div class=\"elementor-widget-container\">\n\t\t\t\t\t\t\t\t\t<h2>Soumettre une actualit\u00e9 \/ un communiqu\u00e9 de presse<strong><br \/><\/strong><\/h2><p>DACH Times\u2122 en association avec <a href=\"https:\/\/europenewswire.net\/submit-press-release\/\" target=\"_blank\" rel=\"noopener\">EuropeNewswire.net<\/a>, publie des actualit\u00e9s et propose la diffusion de communiqu\u00e9s de presse en Allemagne (D), en Autriche (A) et en Suisse (CH) (DACH), ainsi qu\u2019en Europe. Pour plus d\u2019informations sur la distribution de communiqu\u00e9s de presse, contactez-nous via l\u2019une de ces applications de messagerie : <a href=\"https:\/\/api.whatsapp.com\/send\/?phone=18327162363&amp;text&amp;app_absent=0\" target=\"_blank\" rel=\"noopener\">WhatsApp<\/a> ou <a href=\"https:\/\/t.me\/groupwebmedia\">Telegram<\/a>.<\/p><h2 class=\"s-title\"><a href=\"https:\/\/dachtimes.com\/fr\/la-nouvelle-ere-des-communications-strategiques-la-distribution-de-communiques-de-presse-dans-la-region-dach-pour-2026-et-au-dela\/\">La nouvelle \u00e8re des communications strat\u00e9giques : la distribution de communiqu\u00e9s de presse dans la r\u00e9gion DACH pour 2026 et au-del\u00e0<\/a><\/h2><p>La r\u00e9gion DACH \u2014 compos\u00e9e de l\u2019Allemagne (D), de l\u2019Autriche (A) et de la Suisse (CH) \u2014 repr\u00e9sente le moteur \u00e9conomique de l\u2019Europe. Avec un PIB combin\u00e9 qui d\u00e9passe celui de la plupart des march\u00e9s mondiaux et une culture profond\u00e9ment ancr\u00e9e dans la pr\u00e9cision, cette r\u00e9gion constitue une cible hautement strat\u00e9gique pour les marques internationales. Toutefois, pour les professionnels des relations publiques et les responsables marketing en 2026, le paysage m\u00e9diatique DACH est l\u2019un des environnements les plus exigeants, les plus r\u00e9glement\u00e9s et les plus complexes sur le plan linguistique au monde.<\/p><p>Le mod\u00e8le traditionnel du communiqu\u00e9 de presse \u00ab diffus\u00e9 massivement \u00bb \u2014 consistant \u00e0 envoyer une traduction anglaise via un large fil de presse \u2014 ne fonctionne plus ici. En 2026, une distribution efficace exige une hyper-localisation, une int\u00e9gration rigoureuse des donn\u00e9es et une compr\u00e9hension approfondie des sp\u00e9cificit\u00e9s sectorielles. Les journalistes de la r\u00e9gion privil\u00e9gient la substance \u00e0 la rh\u00e9torique et sanctionnent rapidement l\u2019exag\u00e9ration, le greenwashing ou les traductions approximatives.<\/p><p>Pour r\u00e9ussir en 2026 et au-del\u00e0, les communicants doivent comprendre que la r\u00e9gion DACH n\u2019est pas un bloc homog\u00e8ne. La Suisse al\u00e9manique et l\u2019Autriche ne sont pas de simples extensions de l\u2019Allemagne ; ce sont des march\u00e9s distincts, avec leurs propres sensibilit\u00e9s culturelles, nuances linguistiques et habitudes de consommation m\u00e9diatique. De plus, la strat\u00e9gie d\u2019obtention de couverture m\u00e9diatique varie consid\u00e9rablement selon le secteur.<\/p><p>Voici une analyse d\u00e9taill\u00e9e de l\u2019approche adopt\u00e9e par les experts en RP et les marketeurs dans les principaux secteurs de la r\u00e9gion.<\/p><p><strong>Secteur 1 : Technologies B2B, IA et SaaS<\/strong><\/p><p>Le secteur technologique dans la r\u00e9gion DACH est en pleine expansion, port\u00e9 par les initiatives allemandes \u00ab Industrie 4.0 \u00bb, les clusters autrichiens en micro\u00e9lectronique et les p\u00f4les suisses de deep tech. Toutefois, les journalistes B2B de la r\u00e9gion sont hautement techniques et particuli\u00e8rement sceptiques face aux mots-cl\u00e9s marketing venus de la Silicon Valley.<\/p><p><strong>L\u2019approche narrative<\/strong><\/p><p>En 2026, les RP technologiques B2B se concentrent fortement sur la souverainet\u00e9 des donn\u00e9es, la conformit\u00e9 r\u00e9glementaire et l\u2019efficacit\u00e9 mesurable. Il ne suffit plus d\u2019annoncer qu\u2019un produit est \u00ab aliment\u00e9 par l\u2019IA \u00bb. Les communiqu\u00e9s doivent expliquer comment l\u2019IA fonctionne, o\u00f9 les donn\u00e9es sont h\u00e9berg\u00e9es (en mettant en avant des serveurs europ\u00e9ens conformes au RGPD) et quel retour sur investissement concret et mesurable elle g\u00e9n\u00e8re.<\/p><p>La narration \u00e9volue du concept de \u00ab disruption \u00bb vers celui d\u2019\u00ab \u00e9volution durable et int\u00e9gration ma\u00eetris\u00e9e \u00bb, plus rassurant pour les entreprises traditionnelles du DACH.<\/p><p>Les \u00e9tudes de cas locales sont essentielles. Une r\u00e9ussite aux \u00c9tats-Unis aura peu d\u2019impact \u00e0 Munich. Les communiqu\u00e9s doivent pr\u00e9senter des r\u00e9f\u00e9rences issues d\u2019entreprises locales, id\u00e9alement du Mittelstand (PME industrielles r\u00e9put\u00e9es).<\/p><p><strong>Strat\u00e9gie de distribution<\/strong><\/p><p>* Ciblage de portails IT sp\u00e9cialis\u00e9s plut\u00f4t que des fils g\u00e9n\u00e9ralistes.<br \/>* Utilisation de canaux premium int\u00e9gr\u00e9s directement aux syst\u00e8mes \u00e9ditoriaux.<br \/>* Inclusion syst\u00e9matique de donn\u00e9es propri\u00e9taires solides (\u00e9chantillons significatifs pour les \u00e9tudes B2B).<\/p><p><strong>Secteur 2 : Services financiers, Relations investisseurs (IR) et actifs num\u00e9riques<\/strong><\/p><p>La r\u00e9gion DACH abrite des places financi\u00e8res historiques comme Francfort, Vienne et Zurich. En 2026, le secteur oscille entre finance institutionnelle traditionnelle et finance d\u00e9centralis\u00e9e (notamment la \u00ab Crypto Valley \u00bb suisse \u00e0 Zoug)&#8230;<a href=\"https:\/\/dachtimes.com\/fr\/la-nouvelle-ere-des-communications-strategiques-la-distribution-de-communiques-de-presse-dans-la-region-dach-pour-2026-et-au-dela\/\">En savoir plus<\/a><\/p>\t\t\t\t\t\t\t\t<\/div>\n\t\t\t\t<\/div>\n\t\t\t\t\t<\/div>\n\t\t\t\t<\/div>\n\t\t\t\t<\/div>\n\t\t","protected":false},"excerpt":{"rendered":"<p>Soumettre une actualit\u00e9 \/ un communiqu\u00e9 de presse DACH Times\u2122 en association avec EuropeNewswire.net, publie des actualit\u00e9s et propose la diffusion de communiqu\u00e9s de presse en Allemagne (D), en Autriche (A) et en Suisse (CH) (DACH), ainsi qu\u2019en Europe. Pour plus d\u2019informations sur la distribution de communiqu\u00e9s de presse, contactez-nous via l\u2019une de ces applications [&hellip;]<\/p>\n","protected":false},"author":1,"featured_media":0,"parent":0,"menu_order":0,"comment_status":"closed","ping_status":"closed","template":"","meta":{"footnotes":""},"class_list":["post-7863","page","type-page","status-publish"],"_links":{"self":[{"href":"https:\/\/dachtimes.com\/fr\/wp-json\/wp\/v2\/pages\/7863","targetHints":{"allow":["GET"]}}],"collection":[{"href":"https:\/\/dachtimes.com\/fr\/wp-json\/wp\/v2\/pages"}],"about":[{"href":"https:\/\/dachtimes.com\/fr\/wp-json\/wp\/v2\/types\/page"}],"author":[{"embeddable":true,"href":"https:\/\/dachtimes.com\/fr\/wp-json\/wp\/v2\/users\/1"}],"replies":[{"embeddable":true,"href":"https:\/\/dachtimes.com\/fr\/wp-json\/wp\/v2\/comments?post=7863"}],"version-history":[{"count":5,"href":"https:\/\/dachtimes.com\/fr\/wp-json\/wp\/v2\/pages\/7863\/revisions"}],"predecessor-version":[{"id":7908,"href":"https:\/\/dachtimes.com\/fr\/wp-json\/wp\/v2\/pages\/7863\/revisions\/7908"}],"wp:attachment":[{"href":"https:\/\/dachtimes.com\/fr\/wp-json\/wp\/v2\/media?parent=7863"}],"curies":[{"name":"wp","href":"https:\/\/api.w.org\/{rel}","templated":true}]}}